{"id":1040,"date":"2022-01-14T20:35:18","date_gmt":"2022-01-14T20:35:18","guid":{"rendered":"https:\/\/www.lafreheloise.bzh\/?post_type=product&#038;p=1040"},"modified":"2024-10-09T22:08:52","modified_gmt":"2024-10-09T20:08:52","slug":"rouanez-a-galon","status":"publish","type":"product","link":"https:\/\/www.lafreheloise.bzh\/en\/product\/rouanez-a-galon\/","title":{"rendered":"Rouanez a Galon"},"content":{"rendered":"<p>Blonde beer with bitterness and citrus aromas (5.8%)<\/p>\n<p>This beer is a blond beer: brewed with a single barley malt, it lets the hops express their bitterness and citrus aromas.<\/p>\n<p class=\"translation-block\">Part of the hops and malt comes from Brittany. We try to promote the local market as much as possible: part of the hops come from the Fr\u00e9hel hop farm, and part of the malt comes from Brittany.<\/p>\n<p>&nbsp;<\/p>\n<p>Available in boxes of 6x33cl, 12x33cl, 6x75cl.<\/p>","protected":false},"excerpt":{"rendered":"<p>Bi\u00e8re blonde avec amertume et ar\u00f4mes d\u2019agrumes (5.8%) Cette bi\u00e8re est une bi\u00e8re\u00a0blonde : brass\u00e9e avec un unique malt d\u2019orge, elle laisse les houblons exprimer leur amertume et leurs ar\u00f4mes d\u2019agrumes. Une partie du houblon et du malt vient de Bretagne.\u00a0Nous essayons de favoriser un maximum le march\u00e9 local : une partie du houblon vient [&hellip;]<\/p>","protected":false},"featured_media":275,"comment_status":"open","ping_status":"closed","template":"","meta":{"jetpack_post_was_ever_published":false},"product_brand":[],"product_cat":[26],"product_tag":[27],"class_list":{"0":"post-1040","1":"product","2":"type-product","3":"status-publish","4":"has-post-thumbnail","6":"product_cat-bieres","7":"product_tag-permanente","9":"first","10":"instock","11":"taxable","12":"shipping-taxable","13":"purchasable","14":"product-type-variable"},"yoast_head":"<!-- This site is optimized with the Yoast SEO plugin v26.6 - https:\/\/yoast.com\/wordpress\/plugins\/seo\/ -->\n<title>Rouanez a Galon - La Fr\u00e9heloise, micro-brasserie artisanale en C\u00f4tes d&#039;Armor, produisant des bi\u00e8res bretonnes en Bretagne Nord<\/title>\n<meta name=\"robots\" content=\"index, follow, max-snippet:-1, max-image-preview:large, max-video-preview:-1\" \/>\n<link rel=\"canonical\" href=\"https:\/\/www.lafreheloise.bzh\/en\/product\/rouanez-a-galon\/\" \/>\n<meta property=\"og:locale\" content=\"en_GB\" \/>\n<meta property=\"og:type\" content=\"article\" \/>\n<meta property=\"og:title\" content=\"Rouanez a Galon - La Fr\u00e9heloise, micro-brasserie artisanale en C\u00f4tes d&#039;Armor, produisant des bi\u00e8res bretonnes en Bretagne Nord\" \/>\n<meta property=\"og:description\" content=\"Bi\u00e8re blonde avec amertume et ar\u00f4mes d\u2019agrumes (5.8%) Cette bi\u00e8re est une bi\u00e8re\u00a0blonde : brass\u00e9e avec un unique malt d\u2019orge, elle laisse les houblons exprimer leur amertume et leurs ar\u00f4mes d\u2019agrumes. Une partie du houblon et du malt vient de Bretagne.\u00a0Nous essayons de favoriser un maximum le march\u00e9 local : une partie du houblon vient [&hellip;]\" \/>\n<meta property=\"og:url\" content=\"https:\/\/www.lafreheloise.bzh\/en\/product\/rouanez-a-galon\/\" \/>\n<meta property=\"og:site_name\" content=\"La Fr\u00e9heloise, micro-brasserie artisanale en C\u00f4tes d&#039;Armor, produisant des bi\u00e8res bretonnes en Bretagne Nord\" \/>\n<meta property=\"article:publisher\" content=\"https:\/\/www.facebook.com\/Bieres-Frehel\" \/>\n<meta property=\"article:modified_time\" content=\"2024-10-09T20:08:52+00:00\" \/>\n<meta property=\"og:image\" content=\"https:\/\/www.lafreheloise.bzh\/wp-content\/uploads\/2021\/12\/ROUANEZ-A-GALON-1.jpg\" \/>\n\t<meta property=\"og:image:width\" content=\"1019\" \/>\n\t<meta property=\"og:image:height\" content=\"1536\" \/>\n\t<meta property=\"og:image:type\" content=\"image\/jpeg\" \/>\n<meta name=\"twitter:card\" content=\"summary_large_image\" \/>\n<script type=\"application\/ld+json\" class=\"yoast-schema-graph\">{\"@context\":\"https:\/\/schema.org\",\"@graph\":[{\"@type\":\"WebPage\",\"@id\":\"https:\/\/www.lafreheloise.bzh\/produit\/rouanez-a-galon\/\",\"url\":\"https:\/\/www.lafreheloise.bzh\/produit\/rouanez-a-galon\/\",\"name\":\"Rouanez a Galon - La Fr\u00e9heloise, micro-brasserie artisanale en C\u00f4tes d&#039;Armor, produisant des bi\u00e8res bretonnes en Bretagne Nord\",\"isPartOf\":{\"@id\":\"https:\/\/www.lafreheloise.bzh\/#website\"},\"primaryImageOfPage\":{\"@id\":\"https:\/\/www.lafreheloise.bzh\/produit\/rouanez-a-galon\/#primaryimage\"},\"image\":{\"@id\":\"https:\/\/www.lafreheloise.bzh\/produit\/rouanez-a-galon\/#primaryimage\"},\"thumbnailUrl\":\"https:\/\/www.lafreheloise.bzh\/wp-content\/uploads\/2021\/12\/ROUANEZ-A-GALON-1.jpg\",\"datePublished\":\"2022-01-14T20:35:18+00:00\",\"dateModified\":\"2024-10-09T20:08:52+00:00\",\"breadcrumb\":{\"@id\":\"https:\/\/www.lafreheloise.bzh\/produit\/rouanez-a-galon\/#breadcrumb\"},\"inLanguage\":\"en-GB\",\"potentialAction\":[{\"@type\":\"ReadAction\",\"target\":[\"https:\/\/www.lafreheloise.bzh\/produit\/rouanez-a-galon\/\"]}]},{\"@type\":\"ImageObject\",\"inLanguage\":\"en-GB\",\"@id\":\"https:\/\/www.lafreheloise.bzh\/produit\/rouanez-a-galon\/#primaryimage\",\"url\":\"https:\/\/www.lafreheloise.bzh\/wp-content\/uploads\/2021\/12\/ROUANEZ-A-GALON-1.jpg\",\"contentUrl\":\"https:\/\/www.lafreheloise.bzh\/wp-content\/uploads\/2021\/12\/ROUANEZ-A-GALON-1.jpg\",\"width\":1019,\"height\":1536},{\"@type\":\"BreadcrumbList\",\"@id\":\"https:\/\/www.lafreheloise.bzh\/produit\/rouanez-a-galon\/#breadcrumb\",\"itemListElement\":[{\"@type\":\"ListItem\",\"position\":1,\"name\":\"Accueil\",\"item\":\"https:\/\/www.lafreheloise.bzh\/\"},{\"@type\":\"ListItem\",\"position\":2,\"name\":\"Boutique en ligne\",\"item\":\"https:\/\/www.lafreheloise.bzh\/en\/boutique\/\"},{\"@type\":\"ListItem\",\"position\":3,\"name\":\"Rouanez a Galon\"}]},{\"@type\":\"WebSite\",\"@id\":\"https:\/\/www.lafreheloise.bzh\/#website\",\"url\":\"https:\/\/www.lafreheloise.bzh\/\",\"name\":\"La Fr\u00e9heloise, brasserie entre C\u00f4te d'Emeraude et C\u00f4te de Penthi\u00e8vre\",\"description\":\"La Fr\u00e9heloise, micro-brasserie artisanale en C\u00f4tes d&#039;Armor, produisant des bi\u00e8res bretonnes en Bretagne Nord\",\"publisher\":{\"@id\":\"https:\/\/www.lafreheloise.bzh\/#organization\"},\"potentialAction\":[{\"@type\":\"SearchAction\",\"target\":{\"@type\":\"EntryPoint\",\"urlTemplate\":\"https:\/\/www.lafreheloise.bzh\/?s={search_term_string}\"},\"query-input\":{\"@type\":\"PropertyValueSpecification\",\"valueRequired\":true,\"valueName\":\"search_term_string\"}}],\"inLanguage\":\"en-GB\"},{\"@type\":\"Organization\",\"@id\":\"https:\/\/www.lafreheloise.bzh\/#organization\",\"name\":\"La Fr\u00e9heloise, brasserie entre C\u00f4te d'Emeraude et C\u00f4te de Penthi\u00e8vre\",\"url\":\"https:\/\/www.lafreheloise.bzh\/\",\"logo\":{\"@type\":\"ImageObject\",\"inLanguage\":\"en-GB\",\"@id\":\"https:\/\/www.lafreheloise.bzh\/#\/schema\/logo\/image\/\",\"url\":\"https:\/\/www.lafreheloise.bzh\/wp-content\/uploads\/2021\/12\/Capture-de\u0301cran-2021-12-01-a\u0300-16.52.45-1024x622-2-1.png\",\"contentUrl\":\"https:\/\/www.lafreheloise.bzh\/wp-content\/uploads\/2021\/12\/Capture-de\u0301cran-2021-12-01-a\u0300-16.52.45-1024x622-2-1.png\",\"width\":1024,\"height\":622,\"caption\":\"La Fr\u00e9heloise, brasserie entre C\u00f4te d'Emeraude et C\u00f4te de Penthi\u00e8vre\"},\"image\":{\"@id\":\"https:\/\/www.lafreheloise.bzh\/#\/schema\/logo\/image\/\"},\"sameAs\":[\"https:\/\/www.facebook.com\/Bieres-Frehel\",\"https:\/\/www.instagram.com\/lafreheloise\/\"]}]}<\/script>\n<!-- \/ Yoast SEO plugin. -->","yoast_head_json":{"title":"Rouanez a Galon - La Fr\u00e9heloise, micro-brasserie artisanale en C\u00f4tes d&#039;Armor, produisant des bi\u00e8res bretonnes en Bretagne Nord","robots":{"index":"index","follow":"follow","max-snippet":"max-snippet:-1","max-image-preview":"max-image-preview:large","max-video-preview":"max-video-preview:-1"},"canonical":"https:\/\/www.lafreheloise.bzh\/en\/product\/rouanez-a-galon\/","og_locale":"en_GB","og_type":"article","og_title":"Rouanez a Galon - La Fr\u00e9heloise, micro-brasserie artisanale en C\u00f4tes d&#039;Armor, produisant des bi\u00e8res bretonnes en Bretagne Nord","og_description":"Bi\u00e8re blonde avec amertume et ar\u00f4mes d\u2019agrumes (5.8%) Cette bi\u00e8re est une bi\u00e8re\u00a0blonde : brass\u00e9e avec un unique malt d\u2019orge, elle laisse les houblons exprimer leur amertume et leurs ar\u00f4mes d\u2019agrumes. Une partie du houblon et du malt vient de Bretagne.\u00a0Nous essayons de favoriser un maximum le march\u00e9 local : une partie du houblon vient [&hellip;]","og_url":"https:\/\/www.lafreheloise.bzh\/en\/product\/rouanez-a-galon\/","og_site_name":"La Fr\u00e9heloise, micro-brasserie artisanale en C\u00f4tes d&#039;Armor, produisant des bi\u00e8res bretonnes en Bretagne Nord","article_publisher":"https:\/\/www.facebook.com\/Bieres-Frehel","article_modified_time":"2024-10-09T20:08:52+00:00","og_image":[{"width":1019,"height":1536,"url":"https:\/\/www.lafreheloise.bzh\/wp-content\/uploads\/2021\/12\/ROUANEZ-A-GALON-1.jpg","type":"image\/jpeg"}],"twitter_card":"summary_large_image","schema":{"@context":"https:\/\/schema.org","@graph":[{"@type":"WebPage","@id":"https:\/\/www.lafreheloise.bzh\/produit\/rouanez-a-galon\/","url":"https:\/\/www.lafreheloise.bzh\/produit\/rouanez-a-galon\/","name":"Rouanez a Galon - La Fr\u00e9heloise, micro-brasserie artisanale en C\u00f4tes d&#039;Armor, produisant des bi\u00e8res bretonnes en Bretagne Nord","isPartOf":{"@id":"https:\/\/www.lafreheloise.bzh\/#website"},"primaryImageOfPage":{"@id":"https:\/\/www.lafreheloise.bzh\/produit\/rouanez-a-galon\/#primaryimage"},"image":{"@id":"https:\/\/www.lafreheloise.bzh\/produit\/rouanez-a-galon\/#primaryimage"},"thumbnailUrl":"https:\/\/www.lafreheloise.bzh\/wp-content\/uploads\/2021\/12\/ROUANEZ-A-GALON-1.jpg","datePublished":"2022-01-14T20:35:18+00:00","dateModified":"2024-10-09T20:08:52+00:00","breadcrumb":{"@id":"https:\/\/www.lafreheloise.bzh\/produit\/rouanez-a-galon\/#breadcrumb"},"inLanguage":"en-GB","potentialAction":[{"@type":"ReadAction","target":["https:\/\/www.lafreheloise.bzh\/produit\/rouanez-a-galon\/"]}]},{"@type":"ImageObject","inLanguage":"en-GB","@id":"https:\/\/www.lafreheloise.bzh\/produit\/rouanez-a-galon\/#primaryimage","url":"https:\/\/www.lafreheloise.bzh\/wp-content\/uploads\/2021\/12\/ROUANEZ-A-GALON-1.jpg","contentUrl":"https:\/\/www.lafreheloise.bzh\/wp-content\/uploads\/2021\/12\/ROUANEZ-A-GALON-1.jpg","width":1019,"height":1536},{"@type":"BreadcrumbList","@id":"https:\/\/www.lafreheloise.bzh\/produit\/rouanez-a-galon\/#breadcrumb","itemListElement":[{"@type":"ListItem","position":1,"name":"Accueil","item":"https:\/\/www.lafreheloise.bzh\/"},{"@type":"ListItem","position":2,"name":"Boutique en ligne","item":"https:\/\/www.lafreheloise.bzh\/en\/boutique\/"},{"@type":"ListItem","position":3,"name":"Rouanez a Galon"}]},{"@type":"WebSite","@id":"https:\/\/www.lafreheloise.bzh\/#website","url":"https:\/\/www.lafreheloise.bzh\/","name":"La Fr\u00e9heloise, brasserie entre C\u00f4te d'Emeraude et C\u00f4te de Penthi\u00e8vre","description":"La Fr\u00e9heloise, micro-brasserie artisanale en C\u00f4tes d&#039;Armor, produisant des bi\u00e8res bretonnes en Bretagne Nord","publisher":{"@id":"https:\/\/www.lafreheloise.bzh\/#organization"},"potentialAction":[{"@type":"SearchAction","target":{"@type":"EntryPoint","urlTemplate":"https:\/\/www.lafreheloise.bzh\/?s={search_term_string}"},"query-input":{"@type":"PropertyValueSpecification","valueRequired":true,"valueName":"search_term_string"}}],"inLanguage":"en-GB"},{"@type":"Organization","@id":"https:\/\/www.lafreheloise.bzh\/#organization","name":"La Fr\u00e9heloise, brasserie entre C\u00f4te d'Emeraude et C\u00f4te de Penthi\u00e8vre","url":"https:\/\/www.lafreheloise.bzh\/","logo":{"@type":"ImageObject","inLanguage":"en-GB","@id":"https:\/\/www.lafreheloise.bzh\/#\/schema\/logo\/image\/","url":"https:\/\/www.lafreheloise.bzh\/wp-content\/uploads\/2021\/12\/Capture-de\u0301cran-2021-12-01-a\u0300-16.52.45-1024x622-2-1.png","contentUrl":"https:\/\/www.lafreheloise.bzh\/wp-content\/uploads\/2021\/12\/Capture-de\u0301cran-2021-12-01-a\u0300-16.52.45-1024x622-2-1.png","width":1024,"height":622,"caption":"La Fr\u00e9heloise, brasserie entre C\u00f4te d'Emeraude et C\u00f4te de Penthi\u00e8vre"},"image":{"@id":"https:\/\/www.lafreheloise.bzh\/#\/schema\/logo\/image\/"},"sameAs":["https:\/\/www.facebook.com\/Bieres-Frehel","https:\/\/www.instagram.com\/lafreheloise\/"]}]}},"jetpack_sharing_enabled":true,"_links":{"self":[{"href":"https:\/\/www.lafreheloise.bzh\/en\/wp-json\/wp\/v2\/product\/1040","targetHints":{"allow":["GET"]}}],"collection":[{"href":"https:\/\/www.lafreheloise.bzh\/en\/wp-json\/wp\/v2\/product"}],"about":[{"href":"https:\/\/www.lafreheloise.bzh\/en\/wp-json\/wp\/v2\/types\/product"}],"replies":[{"embeddable":true,"href":"https:\/\/www.lafreheloise.bzh\/en\/wp-json\/wp\/v2\/comments?post=1040"}],"wp:featuredmedia":[{"embeddable":true,"href":"https:\/\/www.lafreheloise.bzh\/en\/wp-json\/wp\/v2\/media\/275"}],"wp:attachment":[{"href":"https:\/\/www.lafreheloise.bzh\/en\/wp-json\/wp\/v2\/media?parent=1040"}],"wp:term":[{"taxonomy":"product_brand","embeddable":true,"href":"https:\/\/www.lafreheloise.bzh\/en\/wp-json\/wp\/v2\/product_brand?post=1040"},{"taxonomy":"product_cat","embeddable":true,"href":"https:\/\/www.lafreheloise.bzh\/en\/wp-json\/wp\/v2\/product_cat?post=1040"},{"taxonomy":"product_tag","embeddable":true,"href":"https:\/\/www.lafreheloise.bzh\/en\/wp-json\/wp\/v2\/product_tag?post=1040"}],"curies":[{"name":"wp","href":"https:\/\/api.w.org\/{rel}","templated":true}]}}